{"id":26,"date":"2016-01-28T10:40:34","date_gmt":"2016-01-28T09:40:34","guid":{"rendered":"https:\/\/www.mecalam.com\/en\/mentions-legales\/"},"modified":"2026-03-10T16:42:20","modified_gmt":"2026-03-10T15:42:20","slug":"legal-terms","status":"publish","type":"page","link":"https:\/\/www.mecalam.com\/en\/legal-terms\/","title":{"rendered":"Legal terms"},"content":{"rendered":"<h4><strong>Editor<\/strong><\/h4>\n<p>Mecalam SAS, soci\u00e9t\u00e9 par actions simplifi\u00e9e au capital de 8000\u20ac immatricul\u00e9e au RCS de Lyon.<\/p>\n<p>N\u00b0 SIREN : 811 637 966.<\/p>\n<p>N\u00b0 TVA UE : FR \u00a025 811 637 966.<\/p>\n<p>APE code : Engineering, technical studies (7112B).<\/p>\n<p>&nbsp;<\/p>\n<h4><strong>Host<\/strong><\/h4>\n<p>GANDI SAS.<\/p>\n<p data-block-key=\"aae3h\">63-65 boulevard Mass\u00e9na &#8211; 75013 Paris &#8211; France.<\/p>\n<p>&nbsp;<\/p>\n<h4 data-block-key=\"aae3h\"><strong>Contact<\/strong><\/h4>\n<p data-block-key=\"aae3h\">Adress : 66 Bd Niels Bohr \u2013 CS52132 \u2013 69603 Villeurbanne Cedex &#8211; France.<\/p>\n<p data-block-key=\"aae3h\">Mail : <a href=\"mailto:info@mecalam.com\">info@mecalam.com<\/a>.<\/p>\n<p data-block-key=\"aae3h\">Phone : (33)4 72 43 87 49.<\/p>\n<p>&nbsp;<\/p>\n<h4 data-block-key=\"aae3h\"><strong>General Conditions of Use (GCU)<\/strong><\/h4>\n<ul>\n<li>The website <em>www.mecalam.com<\/em> is the property of the company Mecalam. All rights reserved.<\/li>\n<li>Any event which might introduce a dysfunction of the network or the server is not involving the responsability of Mecalam.<\/li>\n<li>The content of all pages are given on a purely informative basis and Mecalam shoul not be held responsible for the use made of them.<\/li>\n<li>Mecalam reserves the right to modify the website content at any moment and to interrupt its operation to ensure its maintenance.<\/li>\n<\/ul>\n<p>&nbsp;<br \/>\nThe user acknowledge having read these conditions and undertakes to comply with them.<\/p>\n<hr \/>\n<h4><strong>Design <\/strong><\/h4>\n<p>M.Mo &#8211;\u00a0<a href=\"mailto:contact@monsieurmo.com\">contact@monsieurmo.com<\/a>.<\/p>\n<p>&nbsp;<\/p>\n<h4><strong>Creator<\/strong><\/h4>\n<p>Deefuse &#8211;\u00a0<a href=\"mailto:aurelien.chappard@deefuse.fr\">aurelien.chappard@deefuse.fr<\/a>.<\/p>\n","protected":false},"excerpt":{"rendered":"<p>Editor Mecalam SAS, soci\u00e9t\u00e9 par actions simplifi\u00e9e au capital de 8000\u20ac immatricul\u00e9e au RCS de Lyon. N\u00b0 SIREN : 811 637 966. N\u00b0 TVA UE : FR \u00a025 811 637 966. APE code : Engineering, technical studies (7112B). &nbsp; Host GANDI SAS. 63-65 boulevard Mass\u00e9na &#8211; 75013 Paris &#8211; France. &nbsp; Contact Adress : 66 [&hellip;]<\/p>\n","protected":false},"author":1,"featured_media":0,"parent":0,"menu_order":4,"comment_status":"closed","ping_status":"closed","template":"","meta":{"_acf_changed":false,"footnotes":""},"class_list":["post-26","page","type-page","status-publish","hentry"],"acf":[],"_links":{"self":[{"href":"https:\/\/www.mecalam.com\/en\/wp-json\/wp\/v2\/pages\/26","targetHints":{"allow":["GET"]}}],"collection":[{"href":"https:\/\/www.mecalam.com\/en\/wp-json\/wp\/v2\/pages"}],"about":[{"href":"https:\/\/www.mecalam.com\/en\/wp-json\/wp\/v2\/types\/page"}],"author":[{"embeddable":true,"href":"https:\/\/www.mecalam.com\/en\/wp-json\/wp\/v2\/users\/1"}],"replies":[{"embeddable":true,"href":"https:\/\/www.mecalam.com\/en\/wp-json\/wp\/v2\/comments?post=26"}],"version-history":[{"count":0,"href":"https:\/\/www.mecalam.com\/en\/wp-json\/wp\/v2\/pages\/26\/revisions"}],"wp:attachment":[{"href":"https:\/\/www.mecalam.com\/en\/wp-json\/wp\/v2\/media?parent=26"}],"curies":[{"name":"wp","href":"https:\/\/api.w.org\/{rel}","templated":true}]}}